{"id":28,"date":"2013-09-19T10:17:47","date_gmt":"2013-09-19T10:17:47","guid":{"rendered":"http:\/\/marinarichter.ch\/pages\/?page_id=7"},"modified":"2025-09-18T18:14:32","modified_gmt":"2025-09-18T18:14:32","slug":"projects","status":"publish","type":"page","link":"https:\/\/marinarichter.ch\/?page_id=28","title":{"rendered":"projects"},"content":{"rendered":"<p><b>Research projects<\/b><\/p>\n<p>2025-2026<br \/><strong>Travail social et probation en Valais<\/strong>, with Chantal Bournissen, Julia Emprechtinger<br \/>Funded by HES-SO Valais\/Wallis<\/p>\n<p>2022-2026<br \/><strong>Social Work in Swiss Prisons: Elements, Limits and Articulations,<\/strong> (PI) with Martin B\u00f6hnel, Julia Emprechtinger, Lucile Franz, Sabrina Helle-Russo<br \/>Funded by the Swiss National Science Foundation #204644, <a href=\"https:\/\/www.hevs.ch\/en\/projects\/social-work-in-swiss-prisons-elements-limits-and-articulations-204654\" target=\"_blank\" rel=\"noopener\">Link<\/a><\/p>\n<p>2022-2026<br \/><strong>Evaluation Modellversuch \u201cDatenbasierte Qualit\u00e4ts- und Organisationsentwicklung im Justizvollzug&#8221;,<\/strong> with Julia Emprechtinger.<br \/>Commissioned by the Bundesamt f\u00fcr Justiz.<\/p>\n<p>2021-2023<br \/><strong>Le v\u00e9cu de la probation. Une analyse comparative de l\u2019exp\u00e9rience des personnes en liberation conditionnelle astreintes \u00e0 un suivi probatoire en Suisse romande et al\u00e9manique, <\/strong>with Julia Emprechtinger (PI), Lucile Franz, Daniel Lambelet.<br \/>Funded by the Domain Travail Social of the HES-SO University of Applied Sciences and Arts Western Switzerland, <a href=\"https:\/\/www.hevs.ch\/en\/projects\/the-lived-experience-of-people-on-parole-and-probation-203539\" target=\"_blank\" rel=\"noopener\">Link<\/a><\/p>\n<p>2021-2024<br \/><strong>Cercive Space-Time-Regimes: Comparing Configurations of Care and Constraint in Different Institutions, <\/strong>with Ueli Hostettler (PI), Irene Marti, Anna H\u00e4nni, Jago Wyssling<br \/>Funded by the Swiss National Science Foundation, Grant #192\u2019697, <a href=\"http:\/\/p3.snf.ch\/project-192697#\">Link<\/a><\/p>\n<p>2019-2020<br \/><strong>Social Work in Closed Settings: Challenges for the Profession,<\/strong> with Julia Emprechtinger<strong><br \/><\/strong>Funded by the University of Applied Sciences and Arts Western Switzerland<\/p>\n<p>2018-2019<br \/><strong>Employment and Social Differences in the Health Sector: An Institutional Perspective on a Swiss Hospital<\/strong>, with Susan Thieme (University of Bern).<br \/>Funded by the Foundation Homo Liberalis.<\/p>\n<p>2018-2019<br \/><strong>Studie \u00fcber Wirtschaftsspionage in der Schweiz<\/strong>, with Ueli Hostettler, Irene Marti and Fabienne Zwahlen (University of Bern).<br \/>Commissioned by the Federal Department of Defence, Civil Protection and Sport; Federal Intelligence Service.<\/p>\n<p>2018<br \/><strong>Evaluation Neue Fall-Triage<\/strong>, with Ueli Hostettler, Elias Krummenacher, Stefania Mathis and Fabienne<br \/>Zwahlen (University of Bern).<br \/>Commissioned by the Canton of Zurich, Oberjugendanwaltschaft.<\/p>\n<p>2017-2018<br \/><strong>Evaluation Stand der Arbeitsagogik in der JVA Witzwil<\/strong>, with Ueli Hostettler and Elias Krumenacher (University of Bern).<br \/>Commissioned by the JVA Witzwil.<\/p>\n<p>2016-2019<br \/><strong>Evaluation Electronic Monitoring<\/strong>, with Ueli Hostettler, Charlotte Gisler and Barbara Ryser (University of Bern).<br \/>Commissioned by the Canton of Zurich.<\/p>\n<p>2013-2016<br \/><strong>Migration and Transnationalism between Switzerland and Bulgaria: Assessing social inequalities and regional disparities in the context of changing policies<\/strong>, with Michael Nollert (University of Fribourg), Paolo Ruspini (Universit\u00e0 della Svizzera Italiana), Vesselin Mintchev (Bulgarian Academy of Sciences) and Docho Mihailov (Agency for Socioeconomic Analyses).<br \/>Funded by the Swiss National Science Foundation. <a href=\"http:\/\/bulgarianmigration.ch\" target=\"_blank\" rel=\"noopener noreferrer\">&gt; homepage<\/a><\/p>\n<p>2012 &#8211; 2015<br \/><strong>End-of-Life in Prison. Legal Context, Institutions, Actors<\/strong>, with Ueli Hostettler (University of Bern) and Nicolas Queloz (University of Fribourg).<br \/>Funded by: Swiss National Science Foundation. <a href=\"http:\/\/eolinprison.ch\" target=\"_blank\" rel=\"noopener noreferrer\">&gt; homepage<\/a><\/p>\n<p>2009 &#8211; 2012<br \/><strong>Bridging Places Across Borders. Constitution, Maintenance and Meaning of Transnational Social Spaces<\/strong>, with Michal Nollert (University of Fribourg), Janine Dahinden, Yvonne Ria\u00f1o and Marc Tadorian (all University of Neuch\u00e2tel).<br \/>Funded by: Swiss National Science Foundation.<\/p>\n<p>2008 &#8211; 2009<br \/><strong>Kooperation &#8220;\u00c4rztliche Praxis im Gef\u00e4ngnis \u2013 Phase 2 \u2013 Anstaltsbesuche&#8221;<\/strong>, with Ueli Hostettler and Dominic Sprumont (University of Fribourg).<br \/>[Medical Practice in Prisons]<br \/>Commissioned by: Institut de droit de la sant\u00e9, Universit\u00e9 de Neuch\u00e2tel | Verbindung der Schweizer \u00c4rztinnen und \u00c4rzte (FMH)<\/p>\n<p>2007 &#8211; 2010<br \/><strong>Mandatsforschung f\u00fcr die Strafanstalten Witzwil, Begleitung und Auswertung des Projekts &#8220;Neukonzeption zur Einf\u00fchrung von Arbeitsagogik&#8221;<\/strong>, with Ueli Hostettler (project leader)<br \/>[Evaluation of the project &#8220;Reconceptualisation and Introduction of an Agogical Understanding of Work&#8221; for a Swiss prison]<br \/>Commissioned by: Canton of Berne<\/p>\n<p>2007 &#8211; 2010<br \/><strong>Mandatsforschung f\u00fcr das Schweizerische Arbeiterhilfswerk (SAH) und die Drosos-Stiftung, &#8220;Bildung im Strafvollzug&#8221; (BiSt)<\/strong>, with Christin Achermann (University of Neuch\u00e2tel), Ueli Hostettler (project leader), Roger Kirchhofer and Chris Young (all University of Fribourg)<br \/>[Evaluation of the project &#8220;Education in the Penal System&#8221;]<br \/>Commissioned by: Schweizerisches Arbeiterhilfswerk (SAH)<\/p>\n<p>2006<br \/><strong>Mandatsforschung f\u00fcr das Bundesamt f\u00fcr Gesundheit (BAG), \u201eBek\u00e4mpfung von Infektionskrankheiten und Drogentherapie im Gef\u00e4ngnis\u201c (BIG)<\/strong>, with Christin Achermann (University of Neuch\u00e2tel), Ueli Hostettler (project leader) and Maurizia Masia (all University of Fribourg)<br \/>[Treatment and Prevention of Infectious Diseases and Drug Therapy in Prisons]<br \/>Commissioned by: Bundesamt f\u00fcr Gesundheit (BAG)<\/p>\n<p>2002 &#8211; 2006<br \/><strong>Integration, Identit\u00e4t, Differenz. Der Integrationsprozess aus der Sicht spanischer Migrantinnen und Migranten<\/strong><br \/>[Integration, identity, difference. The process of integration seen from the migrants&#8217; perspective]<br \/>Funded by: Scholarship of the Swiss Rectors Conference (CRUS)<\/p>\n\n\n<p><\/p>\n","protected":false},"excerpt":{"rendered":"<p>Research projects 2025-2026Travail social et probation en Valais, with Chantal Bournissen, Julia EmprechtingerFunded by HES-SO Valais\/Wallis 2022-2026Social Work in Swiss Prisons: Elements, Limits and Articulations, (PI) with Martin B\u00f6hnel, Julia Emprechtinger, Lucile Franz, Sabrina Helle-RussoFunded by the Swiss National Science Foundation #204644, Link 2022-2026Evaluation Modellversuch \u201cDatenbasierte Qualit\u00e4ts- und Organisationsentwicklung im Justizvollzug&#8221;, with Julia Emprechtinger.Commissioned by &hellip; <a href=\"https:\/\/marinarichter.ch\/?page_id=28\" class=\"more-link\">Continue reading<span class=\"screen-reader-text\"> &#8220;projects&#8221;<\/span><\/a><\/p>\n","protected":false},"author":1,"featured_media":0,"parent":0,"menu_order":0,"comment_status":"closed","ping_status":"closed","template":"","meta":{"footnotes":""},"class_list":["post-28","page","type-page","status-publish","hentry"],"_links":{"self":[{"href":"https:\/\/marinarichter.ch\/index.php?rest_route=\/wp\/v2\/pages\/28","targetHints":{"allow":["GET"]}}],"collection":[{"href":"https:\/\/marinarichter.ch\/index.php?rest_route=\/wp\/v2\/pages"}],"about":[{"href":"https:\/\/marinarichter.ch\/index.php?rest_route=\/wp\/v2\/types\/page"}],"author":[{"embeddable":true,"href":"https:\/\/marinarichter.ch\/index.php?rest_route=\/wp\/v2\/users\/1"}],"replies":[{"embeddable":true,"href":"https:\/\/marinarichter.ch\/index.php?rest_route=%2Fwp%2Fv2%2Fcomments&post=28"}],"version-history":[{"count":3,"href":"https:\/\/marinarichter.ch\/index.php?rest_route=\/wp\/v2\/pages\/28\/revisions"}],"predecessor-version":[{"id":131,"href":"https:\/\/marinarichter.ch\/index.php?rest_route=\/wp\/v2\/pages\/28\/revisions\/131"}],"wp:attachment":[{"href":"https:\/\/marinarichter.ch\/index.php?rest_route=%2Fwp%2Fv2%2Fmedia&parent=28"}],"curies":[{"name":"wp","href":"https:\/\/api.w.org\/{rel}","templated":true}]}}